{"id":4978,"date":"2024-10-18T07:00:22","date_gmt":"2024-10-18T06:00:22","guid":{"rendered":"https:\/\/versapowr.com\/retningslinjer-for-personvern\/"},"modified":"2026-05-06T23:29:03","modified_gmt":"2026-05-06T22:29:03","slug":"retningslinjer-for-personvern","status":"publish","type":"page","link":"https:\/\/versapowr.com\/no\/retningslinjer-for-personvern\/","title":{"rendered":"Personvern"},"content":{"rendered":"\t\t<div data-elementor-type=\"wp-page\" data-elementor-id=\"4978\" class=\"elementor elementor-4978 elementor-778\" data-elementor-settings=\"{&quot;element_pack_global_tooltip_width&quot;:{&quot;unit&quot;:&quot;px&quot;,&quot;size&quot;:&quot;&quot;,&quot;sizes&quot;:[]},&quot;element_pack_global_tooltip_width_tablet&quot;:{&quot;unit&quot;:&quot;px&quot;,&quot;size&quot;:&quot;&quot;,&quot;sizes&quot;:[]},&quot;element_pack_global_tooltip_width_mobile&quot;:{&quot;unit&quot;:&quot;px&quot;,&quot;size&quot;:&quot;&quot;,&quot;sizes&quot;:[]},&quot;element_pack_global_tooltip_padding&quot;:{&quot;unit&quot;:&quot;px&quot;,&quot;top&quot;:&quot;&quot;,&quot;right&quot;:&quot;&quot;,&quot;bottom&quot;:&quot;&quot;,&quot;left&quot;:&quot;&quot;,&quot;isLinked&quot;:true},&quot;element_pack_global_tooltip_padding_tablet&quot;:{&quot;unit&quot;:&quot;px&quot;,&quot;top&quot;:&quot;&quot;,&quot;right&quot;:&quot;&quot;,&quot;bottom&quot;:&quot;&quot;,&quot;left&quot;:&quot;&quot;,&quot;isLinked&quot;:true},&quot;element_pack_global_tooltip_padding_mobile&quot;:{&quot;unit&quot;:&quot;px&quot;,&quot;top&quot;:&quot;&quot;,&quot;right&quot;:&quot;&quot;,&quot;bottom&quot;:&quot;&quot;,&quot;left&quot;:&quot;&quot;,&quot;isLinked&quot;:true},&quot;element_pack_global_tooltip_border_radius&quot;:{&quot;unit&quot;:&quot;px&quot;,&quot;top&quot;:&quot;&quot;,&quot;right&quot;:&quot;&quot;,&quot;bottom&quot;:&quot;&quot;,&quot;left&quot;:&quot;&quot;,&quot;isLinked&quot;:true},&quot;element_pack_global_tooltip_border_radius_tablet&quot;:{&quot;unit&quot;:&quot;px&quot;,&quot;top&quot;:&quot;&quot;,&quot;right&quot;:&quot;&quot;,&quot;bottom&quot;:&quot;&quot;,&quot;left&quot;:&quot;&quot;,&quot;isLinked&quot;:true},&quot;element_pack_global_tooltip_border_radius_mobile&quot;:{&quot;unit&quot;:&quot;px&quot;,&quot;top&quot;:&quot;&quot;,&quot;right&quot;:&quot;&quot;,&quot;bottom&quot;:&quot;&quot;,&quot;left&quot;:&quot;&quot;,&quot;isLinked&quot;:true}}\" data-elementor-post-type=\"page\">\n\t\t\t\t<div class=\"elementor-element elementor-element-3ed8311 e-flex e-con-boxed e-con e-parent\" data-id=\"3ed8311\" data-element_type=\"container\" data-e-type=\"container\">\n\t\t\t\t\t<div class=\"e-con-inner\">\n\t\t<div class=\"elementor-element elementor-element-0a676a9 e-con-full e-flex e-con e-child\" data-id=\"0a676a9\" data-element_type=\"container\" data-e-type=\"container\">\n\t\t<div class=\"elementor-element elementor-element-b439a6d e-con-full e-flex e-con e-child\" data-id=\"b439a6d\" data-element_type=\"container\" data-e-type=\"container\">\n\t\t\t\t<div class=\"elementor-element elementor-element-a9d0742 elementor-widget elementor-widget-heading\" data-id=\"a9d0742\" data-element_type=\"widget\" data-e-type=\"widget\" data-widget_type=\"heading.default\">\n\t\t\t\t\t<h1 class=\"elementor-heading-title elementor-size-default\">Personvern<\/h1>\t\t\t\t<\/div>\n\t\t\t\t<\/div>\n\t\t\t\t<\/div>\n\t\t\t\t\t<\/div>\n\t\t\t\t<\/div>\n\t\t<div class=\"elementor-element elementor-element-d767b1a e-flex e-con-boxed e-con e-parent\" data-id=\"d767b1a\" data-element_type=\"container\" data-e-type=\"container\">\n\t\t\t\t\t<div class=\"e-con-inner\">\n\t\t\t\t<div class=\"elementor-element elementor-element-616bbfa elementor-widget elementor-widget-text-editor\" data-id=\"616bbfa\" data-element_type=\"widget\" data-e-type=\"widget\" data-widget_type=\"text-editor.default\">\n\t\t\t\t\t\t\t\t\t<p>Hos VersaPowr, et joint venture mellom Hagal AS og Cospower, setter vi pris p\u00e5 personvernet ditt og er opptatt av \u00e5 beskytte og respektere det.<\/p><p>Disse retningslinjene, sammen med v\u00e5re vilk\u00e5r for bruk og andre dokumenter som det henvises til, beskriver hvordan vi samler inn og behandler personopplysningene dine. Vennligst les f\u00f8lgende n\u00f8ye for \u00e5 forst\u00e5 v\u00e5re perspektiver og praksiser n\u00e5r det gjelder personopplysningene dine og hvordan vi h\u00e5ndterer dem.<\/p>\t\t\t\t\t\t\t\t<\/div>\n\t\t\t\t<div class=\"elementor-element elementor-element-70d86f2 elementor-widget elementor-widget-text-editor\" data-id=\"70d86f2\" data-element_type=\"widget\" data-e-type=\"widget\" data-widget_type=\"text-editor.default\">\n\t\t\t\t\t\t\t\t\t<p>Informasjon vi kan samle inn<\/p>\t\t\t\t\t\t\t\t<\/div>\n\t\t\t\t<div class=\"elementor-element elementor-element-4569c45 elementor-widget elementor-widget-text-editor\" data-id=\"4569c45\" data-element_type=\"widget\" data-e-type=\"widget\" data-widget_type=\"text-editor.default\">\n\t\t\t\t\t\t\t\t\t<p>Vi kan samle inn og behandle f\u00f8lgende opplysninger:<\/p><ul><li>Informasjon du oppgir n\u00e5r du fyller ut skjemaer p\u00e5 nettstedet v\u00e5rt. Dette omfatter opplysninger som oppgis under registreringsprosessen, n\u00e5r du abonnerer p\u00e5 tjenestene v\u00e5re, eller n\u00e5r du ber om ytterligere hjelp.<\/li><li>Korrespondanseoppf\u00f8ringer hvis du kontakter oss.<\/li><li>Informasjon om bes\u00f8kene dine p\u00e5 nettstedet, inkludert trafikkdata, posisjonsdata, weblogger og andre kommunikasjonsdata, samt ressursene du f\u00e5r tilgang til.<\/li><\/ul><p><strong>Hvordan vi bruker informasjonen din<\/strong><\/p><p>Vi bruker informasjonen vi har om deg p\u00e5 f\u00f8lgende m\u00e5ter:<\/p><ul><li>For \u00e5 presentere innholdet p\u00e5 nettstedet v\u00e5rt p\u00e5 den mest effektive m\u00e5ten for deg og enheten din.<\/li><li>For \u00e5 gi deg informasjon, produkter eller tjenester som du har bedt om, samt informere deg om tilbud vi tror kan v\u00e6re av interesse for deg.<\/li><li>For \u00e5 gj\u00f8re det mulig for deg \u00e5 delta i interaktive funksjoner i tjenestene v\u00e5re, hvis du velger \u00e5 bruke dem.<\/li><\/ul><p><strong>Dine rettigheter<\/strong><\/p><p>Du har rett til \u00e5 be om at vi avst\u00e5r fra \u00e5 behandle personopplysningene dine for markedsf\u00f8ringsform\u00e5l. Du kan ut\u00f8ve denne retten n\u00e5r som helst ved \u00e5 kontakte oss p\u00e5 <a href=\"mailto:info@cosnewenergy.com\" target=\"_new\">info@versapowr.com.<\/a><\/p><p>V\u00e6r oppmerksom p\u00e5 at nettstedet v\u00e5rt kan inneholde lenker til eksterne nettsteder som tilh\u00f8rer partnernettverk, annons\u00f8rer og tilknyttede selskaper. Hvert av disse nettstedene har sine egne retningslinjer for personvern, og vi har ikke noe ansvar for deres praksis. Vi anbefaler at du leser gjennom retningslinjene deres f\u00f8r du sender inn personopplysninger.<\/p><p><strong>Kontakt oss<\/strong><\/p><p>Hvis du har sp\u00f8rsm\u00e5l, kommentarer eller foresp\u00f8rsler ang\u00e5ende denne personvernerkl\u00e6ringen, kan du kontakte oss p\u00e5 <a href=\"mailto:info@cosnewenergy.com\" target=\"_new\">info@versapowr.com.<\/a> Vi \u00f8nsker tilbakemeldinger fra deg.<\/p><p><strong>Vilk\u00e5r for bruk<\/strong><\/p><p>Tilgang til og bruk av VersaPowr-nettstedet (&laquo;nettstedet&raquo;) er underlagt f\u00f8lgende vilk\u00e5r og betingelser. F\u00f8r du bruker dette nettstedet, m\u00e5 du lese og forst\u00e5 disse vilk\u00e5rene n\u00f8ye.<\/p><p><strong>Godkjennelse av vilk\u00e5r<\/strong><\/p><p>Ved \u00e5 bruke dette nettstedet samtykker du i \u00e5 overholde disse vilk\u00e5rene for bruk. Hvis du ikke godtar disse vilk\u00e5rene for bruk, ber vi deg avst\u00e5 fra \u00e5 bruke dette nettstedet.<\/p><p><strong>Tjenester<\/strong><\/p><p>P\u00e5 nettstedet v\u00e5rt finner du informasjon om v\u00e5re batteril\u00f8sninger og -pakker.<\/p><p><strong>Brukeratferd<\/strong><\/p><p>Brukerne m\u00e5 bruke dette nettstedet p\u00e5 en ansvarlig m\u00e5te. Misbruk kan f\u00f8re til at tilgangen avsluttes.<\/p><p><strong>Intellektuell eiendom<\/strong><\/p><p>Alle rettigheter forbeholdt. Innholdet og strukturen p\u00e5 dette nettstedet er beskyttet av opphavsrett.<\/p><p><strong>Begrensning av erstatningsansvar<\/strong><\/p><p>Vi p\u00e5tar oss ikke noe ansvar for n\u00f8yaktigheten, fullstendigheten eller kvaliteten p\u00e5 den oppgitte informasjonen.<\/p><p><strong>Endringer i vilk\u00e5rene<\/strong><\/p><p>Vi forbeholder oss retten til n\u00e5r som helst \u00e5 endre tjenestene, retningslinjene og disse tjenestevilk\u00e5rene.<\/p><p><strong>Siste oppdatering:<\/strong> 03\/07\/2024<\/p>\t\t\t\t\t\t\t\t<\/div>\n\t\t\t\t\t<\/div>\n\t\t\t\t<\/div>\n\t\t\t\t<\/div>\n\t\t","protected":false},"excerpt":{"rendered":"<p>Personvern Hos VersaPowr, et joint venture mellom Hagal AS og Cospower, setter vi pris p\u00e5 personvernet ditt og er opptatt av \u00e5 [&hellip;]<\/p>\n","protected":false},"author":1,"featured_media":0,"parent":0,"menu_order":0,"comment_status":"closed","ping_status":"closed","template":"elementor_header_footer","meta":{"footnotes":""},"class_list":["post-4978","page","type-page","status-publish","hentry"],"yoast_head":"<!-- This site is optimized with the Yoast SEO plugin v26.9 - https:\/\/yoast.com\/product\/yoast-seo-wordpress\/ -->\n<title>Personvern - VersaPowr<\/title>\n<meta name=\"description\" content=\"Les n\u00f8ye gjennom det f\u00f8lgende for \u00e5 forst\u00e5 v\u00e5rt syn p\u00e5 og v\u00e5r praksis i forbindelse med personopplysningene dine og hvordan vi h\u00e5ndterer dem.\" \/>\n<meta name=\"robots\" content=\"index, follow, max-snippet:-1, max-image-preview:large, max-video-preview:-1\" \/>\n<link rel=\"canonical\" href=\"https:\/\/versapowr.com\/no\/retningslinjer-for-personvern\/\" \/>\n<meta property=\"og:locale\" content=\"nb_NO\" \/>\n<meta property=\"og:type\" content=\"article\" \/>\n<meta property=\"og:title\" content=\"Personvern - VersaPowr\" \/>\n<meta property=\"og:description\" content=\"Les n\u00f8ye gjennom det f\u00f8lgende for \u00e5 forst\u00e5 v\u00e5rt syn p\u00e5 og v\u00e5r praksis i forbindelse med personopplysningene dine og hvordan vi h\u00e5ndterer dem.\" \/>\n<meta property=\"og:url\" content=\"https:\/\/versapowr.com\/no\/retningslinjer-for-personvern\/\" \/>\n<meta property=\"og:site_name\" content=\"VersaPowr\" \/>\n<meta property=\"article:modified_time\" content=\"2026-05-06T22:29:03+00:00\" \/>\n<meta name=\"twitter:card\" content=\"summary_large_image\" \/>\n<meta name=\"twitter:label1\" content=\"Ansl. lesetid\" \/>\n\t<meta name=\"twitter:data1\" content=\"3 minutter\" \/>\n<script type=\"application\/ld+json\" class=\"yoast-schema-graph\">{\"@context\":\"https:\/\/schema.org\",\"@graph\":[{\"@type\":\"WebPage\",\"@id\":\"https:\/\/versapowr.com\/no\/retningslinjer-for-personvern\/\",\"url\":\"https:\/\/versapowr.com\/no\/retningslinjer-for-personvern\/\",\"name\":\"Personvern - VersaPowr\",\"isPartOf\":{\"@id\":\"https:\/\/versapowr.com\/no\/#website\"},\"datePublished\":\"2024-10-18T06:00:22+00:00\",\"dateModified\":\"2026-05-06T22:29:03+00:00\",\"description\":\"Les n\u00f8ye gjennom det f\u00f8lgende for \u00e5 forst\u00e5 v\u00e5rt syn p\u00e5 og v\u00e5r praksis i forbindelse med personopplysningene dine og hvordan vi h\u00e5ndterer dem.\",\"breadcrumb\":{\"@id\":\"https:\/\/versapowr.com\/no\/retningslinjer-for-personvern\/#breadcrumb\"},\"inLanguage\":\"nb-NO\",\"potentialAction\":[{\"@type\":\"ReadAction\",\"target\":[\"https:\/\/versapowr.com\/no\/retningslinjer-for-personvern\/\"]}]},{\"@type\":\"BreadcrumbList\",\"@id\":\"https:\/\/versapowr.com\/no\/retningslinjer-for-personvern\/#breadcrumb\",\"itemListElement\":[{\"@type\":\"ListItem\",\"position\":1,\"name\":\"Home\",\"item\":\"https:\/\/versapowr.com\/no\/\"},{\"@type\":\"ListItem\",\"position\":2,\"name\":\"Personvern\"}]},{\"@type\":\"WebSite\",\"@id\":\"https:\/\/versapowr.com\/no\/#website\",\"url\":\"https:\/\/versapowr.com\/no\/\",\"name\":\"VersaPowr\",\"description\":\"Innovative Energy Solutions\",\"publisher\":{\"@id\":\"https:\/\/versapowr.com\/no\/#organization\"},\"potentialAction\":[{\"@type\":\"SearchAction\",\"target\":{\"@type\":\"EntryPoint\",\"urlTemplate\":\"https:\/\/versapowr.com\/no\/?s={search_term_string}\"},\"query-input\":{\"@type\":\"PropertyValueSpecification\",\"valueRequired\":true,\"valueName\":\"search_term_string\"}}],\"inLanguage\":\"nb-NO\"},{\"@type\":\"Organization\",\"@id\":\"https:\/\/versapowr.com\/no\/#organization\",\"name\":\"VersaPowr\",\"url\":\"https:\/\/versapowr.com\/no\/\",\"logo\":{\"@type\":\"ImageObject\",\"inLanguage\":\"nb-NO\",\"@id\":\"https:\/\/versapowr.com\/no\/#\/schema\/logo\/image\/\",\"url\":\"https:\/\/versapowr.com\/wp-content\/uploads\/2024\/10\/VersaPowr-White-Variant.webp\",\"contentUrl\":\"https:\/\/versapowr.com\/wp-content\/uploads\/2024\/10\/VersaPowr-White-Variant.webp\",\"width\":2000,\"height\":546,\"caption\":\"VersaPowr\"},\"image\":{\"@id\":\"https:\/\/versapowr.com\/no\/#\/schema\/logo\/image\/\"},\"sameAs\":[\"https:\/\/www.linkedin.com\/company\/versapowr\/\"]}]}<\/script>\n<!-- \/ Yoast SEO plugin. -->","yoast_head_json":{"title":"Personvern - VersaPowr","description":"Les n\u00f8ye gjennom det f\u00f8lgende for \u00e5 forst\u00e5 v\u00e5rt syn p\u00e5 og v\u00e5r praksis i forbindelse med personopplysningene dine og hvordan vi h\u00e5ndterer dem.","robots":{"index":"index","follow":"follow","max-snippet":"max-snippet:-1","max-image-preview":"max-image-preview:large","max-video-preview":"max-video-preview:-1"},"canonical":"https:\/\/versapowr.com\/no\/retningslinjer-for-personvern\/","og_locale":"nb_NO","og_type":"article","og_title":"Personvern - VersaPowr","og_description":"Les n\u00f8ye gjennom det f\u00f8lgende for \u00e5 forst\u00e5 v\u00e5rt syn p\u00e5 og v\u00e5r praksis i forbindelse med personopplysningene dine og hvordan vi h\u00e5ndterer dem.","og_url":"https:\/\/versapowr.com\/no\/retningslinjer-for-personvern\/","og_site_name":"VersaPowr","article_modified_time":"2026-05-06T22:29:03+00:00","twitter_card":"summary_large_image","twitter_misc":{"Ansl. lesetid":"3 minutter"},"schema":{"@context":"https:\/\/schema.org","@graph":[{"@type":"WebPage","@id":"https:\/\/versapowr.com\/no\/retningslinjer-for-personvern\/","url":"https:\/\/versapowr.com\/no\/retningslinjer-for-personvern\/","name":"Personvern - VersaPowr","isPartOf":{"@id":"https:\/\/versapowr.com\/no\/#website"},"datePublished":"2024-10-18T06:00:22+00:00","dateModified":"2026-05-06T22:29:03+00:00","description":"Les n\u00f8ye gjennom det f\u00f8lgende for \u00e5 forst\u00e5 v\u00e5rt syn p\u00e5 og v\u00e5r praksis i forbindelse med personopplysningene dine og hvordan vi h\u00e5ndterer dem.","breadcrumb":{"@id":"https:\/\/versapowr.com\/no\/retningslinjer-for-personvern\/#breadcrumb"},"inLanguage":"nb-NO","potentialAction":[{"@type":"ReadAction","target":["https:\/\/versapowr.com\/no\/retningslinjer-for-personvern\/"]}]},{"@type":"BreadcrumbList","@id":"https:\/\/versapowr.com\/no\/retningslinjer-for-personvern\/#breadcrumb","itemListElement":[{"@type":"ListItem","position":1,"name":"Home","item":"https:\/\/versapowr.com\/no\/"},{"@type":"ListItem","position":2,"name":"Personvern"}]},{"@type":"WebSite","@id":"https:\/\/versapowr.com\/no\/#website","url":"https:\/\/versapowr.com\/no\/","name":"VersaPowr","description":"Innovative Energy Solutions","publisher":{"@id":"https:\/\/versapowr.com\/no\/#organization"},"potentialAction":[{"@type":"SearchAction","target":{"@type":"EntryPoint","urlTemplate":"https:\/\/versapowr.com\/no\/?s={search_term_string}"},"query-input":{"@type":"PropertyValueSpecification","valueRequired":true,"valueName":"search_term_string"}}],"inLanguage":"nb-NO"},{"@type":"Organization","@id":"https:\/\/versapowr.com\/no\/#organization","name":"VersaPowr","url":"https:\/\/versapowr.com\/no\/","logo":{"@type":"ImageObject","inLanguage":"nb-NO","@id":"https:\/\/versapowr.com\/no\/#\/schema\/logo\/image\/","url":"https:\/\/versapowr.com\/wp-content\/uploads\/2024\/10\/VersaPowr-White-Variant.webp","contentUrl":"https:\/\/versapowr.com\/wp-content\/uploads\/2024\/10\/VersaPowr-White-Variant.webp","width":2000,"height":546,"caption":"VersaPowr"},"image":{"@id":"https:\/\/versapowr.com\/no\/#\/schema\/logo\/image\/"},"sameAs":["https:\/\/www.linkedin.com\/company\/versapowr\/"]}]}},"_links":{"self":[{"href":"https:\/\/versapowr.com\/no\/wp-json\/wp\/v2\/pages\/4978","targetHints":{"allow":["GET"]}}],"collection":[{"href":"https:\/\/versapowr.com\/no\/wp-json\/wp\/v2\/pages"}],"about":[{"href":"https:\/\/versapowr.com\/no\/wp-json\/wp\/v2\/types\/page"}],"author":[{"embeddable":true,"href":"https:\/\/versapowr.com\/no\/wp-json\/wp\/v2\/users\/1"}],"replies":[{"embeddable":true,"href":"https:\/\/versapowr.com\/no\/wp-json\/wp\/v2\/comments?post=4978"}],"version-history":[{"count":4,"href":"https:\/\/versapowr.com\/no\/wp-json\/wp\/v2\/pages\/4978\/revisions"}],"predecessor-version":[{"id":5177,"href":"https:\/\/versapowr.com\/no\/wp-json\/wp\/v2\/pages\/4978\/revisions\/5177"}],"wp:attachment":[{"href":"https:\/\/versapowr.com\/no\/wp-json\/wp\/v2\/media?parent=4978"}],"curies":[{"name":"wp","href":"https:\/\/api.w.org\/{rel}","templated":true}]}}