{"id":4995,"date":"2024-10-14T04:35:30","date_gmt":"2024-10-14T03:35:30","guid":{"rendered":"https:\/\/versapowr.com\/versapowr-innsikt\/"},"modified":"2026-05-12T10:24:56","modified_gmt":"2026-05-12T09:24:56","slug":"versapowr-innsikt","status":"publish","type":"page","link":"https:\/\/versapowr.com\/no\/versapowr-innsikt\/","title":{"rendered":"Innsikt"},"content":{"rendered":"\t\t<div data-elementor-type=\"wp-page\" data-elementor-id=\"4995\" class=\"elementor elementor-4995 elementor-322\" data-elementor-settings=\"{&quot;element_pack_global_tooltip_width&quot;:{&quot;unit&quot;:&quot;px&quot;,&quot;size&quot;:&quot;&quot;,&quot;sizes&quot;:[]},&quot;element_pack_global_tooltip_width_tablet&quot;:{&quot;unit&quot;:&quot;px&quot;,&quot;size&quot;:&quot;&quot;,&quot;sizes&quot;:[]},&quot;element_pack_global_tooltip_width_mobile&quot;:{&quot;unit&quot;:&quot;px&quot;,&quot;size&quot;:&quot;&quot;,&quot;sizes&quot;:[]},&quot;element_pack_global_tooltip_padding&quot;:{&quot;unit&quot;:&quot;px&quot;,&quot;top&quot;:&quot;&quot;,&quot;right&quot;:&quot;&quot;,&quot;bottom&quot;:&quot;&quot;,&quot;left&quot;:&quot;&quot;,&quot;isLinked&quot;:true},&quot;element_pack_global_tooltip_padding_tablet&quot;:{&quot;unit&quot;:&quot;px&quot;,&quot;top&quot;:&quot;&quot;,&quot;right&quot;:&quot;&quot;,&quot;bottom&quot;:&quot;&quot;,&quot;left&quot;:&quot;&quot;,&quot;isLinked&quot;:true},&quot;element_pack_global_tooltip_padding_mobile&quot;:{&quot;unit&quot;:&quot;px&quot;,&quot;top&quot;:&quot;&quot;,&quot;right&quot;:&quot;&quot;,&quot;bottom&quot;:&quot;&quot;,&quot;left&quot;:&quot;&quot;,&quot;isLinked&quot;:true},&quot;element_pack_global_tooltip_border_radius&quot;:{&quot;unit&quot;:&quot;px&quot;,&quot;top&quot;:&quot;&quot;,&quot;right&quot;:&quot;&quot;,&quot;bottom&quot;:&quot;&quot;,&quot;left&quot;:&quot;&quot;,&quot;isLinked&quot;:true},&quot;element_pack_global_tooltip_border_radius_tablet&quot;:{&quot;unit&quot;:&quot;px&quot;,&quot;top&quot;:&quot;&quot;,&quot;right&quot;:&quot;&quot;,&quot;bottom&quot;:&quot;&quot;,&quot;left&quot;:&quot;&quot;,&quot;isLinked&quot;:true},&quot;element_pack_global_tooltip_border_radius_mobile&quot;:{&quot;unit&quot;:&quot;px&quot;,&quot;top&quot;:&quot;&quot;,&quot;right&quot;:&quot;&quot;,&quot;bottom&quot;:&quot;&quot;,&quot;left&quot;:&quot;&quot;,&quot;isLinked&quot;:true}}\" data-elementor-post-type=\"page\">\n\t\t\t\t\t\t<div class=\"elementor-section elementor-top-section elementor-element elementor-element-5eab900b elementor-section-boxed elementor-section-height-default elementor-section-height-default\" data-id=\"5eab900b\" data-element_type=\"section\" data-e-type=\"section\" data-settings=\"{&quot;background_background&quot;:&quot;classic&quot;}\">\n\t\t\t\t\t\t<div class=\"elementor-container elementor-column-gap-default\">\n\t\t\t\t\t<div class=\"elementor-column elementor-col-100 elementor-top-column elementor-element elementor-element-61d2f2ba\" data-id=\"61d2f2ba\" data-element_type=\"column\" data-e-type=\"column\" data-settings=\"{&quot;background_background&quot;:&quot;classic&quot;}\">\n\t\t\t<div class=\"elementor-widget-wrap elementor-element-populated\">\n\t\t\t\t\t\t<section class=\"elementor-section elementor-inner-section elementor-element elementor-element-380c08b8 elementor-section-boxed elementor-section-height-default elementor-section-height-default\" data-id=\"380c08b8\" data-element_type=\"section\" data-e-type=\"section\">\n\t\t\t\t\t\t<div class=\"elementor-container elementor-column-gap-default\">\n\t\t\t\t\t<div class=\"elementor-column elementor-col-100 elementor-inner-column elementor-element elementor-element-32a9988b\" data-id=\"32a9988b\" data-element_type=\"column\" data-e-type=\"column\">\n\t\t\t<div class=\"elementor-widget-wrap elementor-element-populated\">\n\t\t\t\t\t\t<div class=\"elementor-element elementor-element-7d6d5a0 elementor-widget__width-inherit elementor-widget elementor-widget-heading\" data-id=\"7d6d5a0\" data-element_type=\"widget\" data-e-type=\"widget\" data-widget_type=\"heading.default\">\n\t\t\t\t\t<h5 class=\"elementor-heading-title elementor-size-default\">VERSAPOWR-INNSIKT<\/h5>\t\t\t\t<\/div>\n\t\t\t\t<div class=\"elementor-element elementor-element-264e3967 elementor-widget elementor-widget-heading\" data-id=\"264e3967\" data-element_type=\"widget\" data-e-type=\"widget\" data-settings=\"{&quot;_animation&quot;:&quot;none&quot;}\" data-widget_type=\"heading.default\">\n\t\t\t\t\t<h1 class=\"elementor-heading-title elementor-size-default\">Utforsk bloggen v\u00e5r for mer innsikt og perspektiver p\u00e5 batteribransjen.<\/h1>\t\t\t\t<\/div>\n\t\t\t\t\t<\/div>\n\t\t<\/div>\n\t\t\t\t\t<\/div>\n\t\t<\/section>\n\t\t\t\t\t<\/div>\n\t\t<\/div>\n\t\t\t\t\t<\/div>\n\t\t<\/div>\n\t\t\t\t<div class=\"elementor-section elementor-top-section elementor-element elementor-element-b79c830 elementor-section-boxed elementor-section-height-default elementor-section-height-default\" data-id=\"b79c830\" data-element_type=\"section\" data-e-type=\"section\" data-settings=\"{&quot;background_background&quot;:&quot;classic&quot;}\">\n\t\t\t\t\t\t<div class=\"elementor-container elementor-column-gap-default\">\n\t\t\t\t\t<div class=\"elementor-column elementor-col-100 elementor-top-column elementor-element elementor-element-65b436a\" data-id=\"65b436a\" data-element_type=\"column\" data-e-type=\"column\" data-settings=\"{&quot;background_background&quot;:&quot;classic&quot;}\">\n\t\t\t<div class=\"elementor-widget-wrap elementor-element-populated\">\n\t\t\t\t\t\t<section class=\"elementor-section elementor-inner-section elementor-element elementor-element-6471e75 elementor-section-boxed elementor-section-height-default elementor-section-height-default\" data-id=\"6471e75\" data-element_type=\"section\" data-e-type=\"section\">\n\t\t\t\t\t\t<div class=\"elementor-container elementor-column-gap-default\">\n\t\t\t\t\t<div class=\"elementor-column elementor-col-100 elementor-inner-column elementor-element elementor-element-39432c0\" data-id=\"39432c0\" data-element_type=\"column\" data-e-type=\"column\">\n\t\t\t<div class=\"elementor-widget-wrap elementor-element-populated\">\n\t\t\t\t\t\t<div class=\"elementor-element elementor-element-c9b3c44 no ui-e-apg-classic ui-e-img-anim-zoom elementor-widget elementor-widget-uicore-advanced-post-grid woocommerce elementor-widget-uicore-advanced-post-grid\" data-id=\"c9b3c44\" data-element_type=\"widget\" data-e-type=\"widget\" data-settings=\"{&quot;masonry&quot;:&quot;no&quot;}\" data-widget_type=\"uicore-advanced-post-grid.default\">\n\t\t\t\t\t            <div class=\"ui-e-adv-grid \">\n                \n                <div class=\"ui-e-post-item ui-e-item ui-e-animations-wrp  \">\n                    <article class=\"post-5490 post type-post status-publish format-standard has-post-thumbnail hentry category-uncategorized\">\n                        <div class=\"ui-e-post-top\">\n                                    <a class=\"ui-e-post-img-wrapp\"\n            href=\"https:\/\/versapowr.com\/no\/er-du-klar-for-neste-strombrudd\/\"\n            title=\"View Post:Er du klar for neste str\u00f8mbrudd?\">\n\n                            <div class=\"ui-e-post-img\" style=\"background-image:url(https:\/\/versapowr.com\/wp-content\/uploads\/2025\/02\/Grid-Stabilization-with-Versa-BESS-200-and-Versa-EMS-1024x555.jpg)\"><\/div>\n                    <\/a>\n                                                        <\/div>\n\n                        \n                        <div class=\"ui-e-post-content\">\n\n                                                                <a href=\"https:\/\/versapowr.com\/no\/er-du-klar-for-neste-strombrudd\/\" title=\"View Post:Er du klar for neste str\u00f8mbrudd?\">\n            <h4 class=\"ui-e-post-title\">\n                <span> Er du klar for neste str\u00f8mbrudd? <\/span>\n            <\/h4>\n        <\/a>\n                                <div class=\"ui-e-meta-wrapp\"><div class=\"ui-e-post-meta ui-e-after_title\"><div class=\"ui-e-meta-item\">oktober 24, 2025<\/div><\/div><\/div>                                                                                                            <\/div>\n                    <\/article>\n                <\/div>\n\n                \n                <div class=\"ui-e-post-item ui-e-item ui-e-animations-wrp  \">\n                    <article class=\"post-4990 post type-post status-publish format-standard has-post-thumbnail hentry category-uncategorized\">\n                        <div class=\"ui-e-post-top\">\n                                    <a class=\"ui-e-post-img-wrapp\"\n            href=\"https:\/\/versapowr.com\/no\/hvordan-versa-bess-200-og-versa-ems-gir-den-perfekte-losningen-for-nettstabilisering\/\"\n            title=\"View Post:Hvordan Versa BESS 200 og Versa EMS gir den perfekte l\u00f8sningen for nettstabilisering\">\n\n                            <div class=\"ui-e-post-img\" style=\"background-image:url(https:\/\/versapowr.com\/wp-content\/uploads\/2025\/02\/Grid-Stabilization-with-Versa-BESS-200-and-Versa-EMS-1024x555.jpg)\"><\/div>\n                    <\/a>\n                                                        <\/div>\n\n                        \n                        <div class=\"ui-e-post-content\">\n\n                                                                <a href=\"https:\/\/versapowr.com\/no\/hvordan-versa-bess-200-og-versa-ems-gir-den-perfekte-losningen-for-nettstabilisering\/\" title=\"View Post:Hvordan Versa BESS 200 og Versa EMS gir den perfekte l\u00f8sningen for nettstabilisering\">\n            <h4 class=\"ui-e-post-title\">\n                <span> Hvordan Versa BESS 200 og Versa EMS gir den perfekte l\u00f8sningen for nettstabilisering <\/span>\n            <\/h4>\n        <\/a>\n                                <div class=\"ui-e-meta-wrapp\"><div class=\"ui-e-post-meta ui-e-after_title\"><div class=\"ui-e-meta-item\">februar 5, 2025<\/div><\/div><\/div>                                                                                                            <\/div>\n                    <\/article>\n                <\/div>\n\n                \n                <div class=\"ui-e-post-item ui-e-item ui-e-animations-wrp  \">\n                    <article class=\"post-5070 post type-post status-publish format-standard has-post-thumbnail hentry category-uncategorized\">\n                        <div class=\"ui-e-post-top\">\n                                    <a class=\"ui-e-post-img-wrapp\"\n            href=\"https:\/\/versapowr.com\/no\/peak-shaving-hvordan-versa-bess-200-forbedrer-effektiviteten\/\"\n            title=\"View Post:Peak Shaving: Hvordan Versa BESS 200 forbedrer effektiviteten\">\n\n                            <div class=\"ui-e-post-img\" style=\"background-image:url(https:\/\/versapowr.com\/wp-content\/uploads\/2025\/01\/Peak-Shaving-How-the-Versa-BESS-200-Enhances-Efficiency-e1737552970121-1024x555.jpg)\"><\/div>\n                    <\/a>\n                                                        <\/div>\n\n                        \n                        <div class=\"ui-e-post-content\">\n\n                                                                <a href=\"https:\/\/versapowr.com\/no\/peak-shaving-hvordan-versa-bess-200-forbedrer-effektiviteten\/\" title=\"View Post:Peak Shaving: Hvordan Versa BESS 200 forbedrer effektiviteten\">\n            <h4 class=\"ui-e-post-title\">\n                <span> Peak Shaving: Hvordan Versa BESS 200 forbedrer effektiviteten <\/span>\n            <\/h4>\n        <\/a>\n                                <div class=\"ui-e-meta-wrapp\"><div class=\"ui-e-post-meta ui-e-after_title\"><div class=\"ui-e-meta-item\">januar 1, 2025<\/div><\/div><\/div>                                                                                                            <\/div>\n                    <\/article>\n                <\/div>\n\n                            <\/div>\n\t\t\t\t<\/div>\n\t\t\t\t\t<\/div>\n\t\t<\/div>\n\t\t\t\t\t<\/div>\n\t\t<\/section>\n\t\t\t\t\t<\/div>\n\t\t<\/div>\n\t\t\t\t\t<\/div>\n\t\t<\/div>\n\t\t\t\t<\/div>\n\t\t","protected":false},"excerpt":{"rendered":"<p>VERSAPOWR-INNSIKT Utforsk bloggen v\u00e5r for mer innsikt og perspektiver p\u00e5 batteribransjen. Are you ready for the next power outage? October 24, 2025 [&hellip;]<\/p>\n","protected":false},"author":1,"featured_media":0,"parent":0,"menu_order":0,"comment_status":"closed","ping_status":"closed","template":"","meta":{"footnotes":""},"class_list":["post-4995","page","type-page","status-publish","hentry"],"yoast_head":"<!-- This site is optimized with the Yoast SEO plugin v26.9 - https:\/\/yoast.com\/product\/yoast-seo-wordpress\/ -->\n<title>Innsikt - VersaPowr<\/title>\n<meta name=\"description\" content=\"F\u00e5 ekspertinnsikt og bransjeledende perspektiver med dyptg\u00e5ende analyser, trender og innovasjoner. Hold deg i forkant med verdifull kunnskap fra erfarne fagfolk og tankeledere p\u00e5 omr\u00e5det.\" \/>\n<meta name=\"robots\" content=\"index, follow, max-snippet:-1, max-image-preview:large, max-video-preview:-1\" \/>\n<link rel=\"canonical\" href=\"https:\/\/versapowr.com\/no\/versapowr-innsikt\/\" \/>\n<meta property=\"og:locale\" content=\"nb_NO\" \/>\n<meta property=\"og:type\" content=\"article\" \/>\n<meta property=\"og:title\" content=\"Innsikt - VersaPowr\" \/>\n<meta property=\"og:description\" content=\"F\u00e5 ekspertinnsikt og bransjeledende perspektiver med dyptg\u00e5ende analyser, trender og innovasjoner. Hold deg i forkant med verdifull kunnskap fra erfarne fagfolk og tankeledere p\u00e5 omr\u00e5det.\" \/>\n<meta property=\"og:url\" content=\"https:\/\/versapowr.com\/no\/versapowr-innsikt\/\" \/>\n<meta property=\"og:site_name\" content=\"VersaPowr\" \/>\n<meta property=\"article:modified_time\" content=\"2026-05-12T09:24:56+00:00\" \/>\n<meta name=\"twitter:card\" content=\"summary_large_image\" \/>\n<script type=\"application\/ld+json\" class=\"yoast-schema-graph\">{\"@context\":\"https:\/\/schema.org\",\"@graph\":[{\"@type\":\"WebPage\",\"@id\":\"https:\/\/versapowr.com\/no\/versapowr-innsikt\/\",\"url\":\"https:\/\/versapowr.com\/no\/versapowr-innsikt\/\",\"name\":\"Innsikt - VersaPowr\",\"isPartOf\":{\"@id\":\"https:\/\/versapowr.com\/no\/#website\"},\"datePublished\":\"2024-10-14T03:35:30+00:00\",\"dateModified\":\"2026-05-12T09:24:56+00:00\",\"description\":\"F\u00e5 ekspertinnsikt og bransjeledende perspektiver med dyptg\u00e5ende analyser, trender og innovasjoner. Hold deg i forkant med verdifull kunnskap fra erfarne fagfolk og tankeledere p\u00e5 omr\u00e5det.\",\"breadcrumb\":{\"@id\":\"https:\/\/versapowr.com\/no\/versapowr-innsikt\/#breadcrumb\"},\"inLanguage\":\"nb-NO\",\"potentialAction\":[{\"@type\":\"ReadAction\",\"target\":[\"https:\/\/versapowr.com\/no\/versapowr-innsikt\/\"]}]},{\"@type\":\"BreadcrumbList\",\"@id\":\"https:\/\/versapowr.com\/no\/versapowr-innsikt\/#breadcrumb\",\"itemListElement\":[{\"@type\":\"ListItem\",\"position\":1,\"name\":\"Home\",\"item\":\"https:\/\/versapowr.com\/no\/\"},{\"@type\":\"ListItem\",\"position\":2,\"name\":\"Innsikt\"}]},{\"@type\":\"WebSite\",\"@id\":\"https:\/\/versapowr.com\/no\/#website\",\"url\":\"https:\/\/versapowr.com\/no\/\",\"name\":\"VersaPowr\",\"description\":\"Innovative Energy Solutions\",\"publisher\":{\"@id\":\"https:\/\/versapowr.com\/no\/#organization\"},\"potentialAction\":[{\"@type\":\"SearchAction\",\"target\":{\"@type\":\"EntryPoint\",\"urlTemplate\":\"https:\/\/versapowr.com\/no\/?s={search_term_string}\"},\"query-input\":{\"@type\":\"PropertyValueSpecification\",\"valueRequired\":true,\"valueName\":\"search_term_string\"}}],\"inLanguage\":\"nb-NO\"},{\"@type\":\"Organization\",\"@id\":\"https:\/\/versapowr.com\/no\/#organization\",\"name\":\"VersaPowr\",\"url\":\"https:\/\/versapowr.com\/no\/\",\"logo\":{\"@type\":\"ImageObject\",\"inLanguage\":\"nb-NO\",\"@id\":\"https:\/\/versapowr.com\/no\/#\/schema\/logo\/image\/\",\"url\":\"https:\/\/versapowr.com\/wp-content\/uploads\/2024\/10\/VersaPowr-White-Variant.webp\",\"contentUrl\":\"https:\/\/versapowr.com\/wp-content\/uploads\/2024\/10\/VersaPowr-White-Variant.webp\",\"width\":2000,\"height\":546,\"caption\":\"VersaPowr\"},\"image\":{\"@id\":\"https:\/\/versapowr.com\/no\/#\/schema\/logo\/image\/\"},\"sameAs\":[\"https:\/\/www.linkedin.com\/company\/versapowr\/\"]}]}<\/script>\n<!-- \/ Yoast SEO plugin. -->","yoast_head_json":{"title":"Innsikt - VersaPowr","description":"F\u00e5 ekspertinnsikt og bransjeledende perspektiver med dyptg\u00e5ende analyser, trender og innovasjoner. Hold deg i forkant med verdifull kunnskap fra erfarne fagfolk og tankeledere p\u00e5 omr\u00e5det.","robots":{"index":"index","follow":"follow","max-snippet":"max-snippet:-1","max-image-preview":"max-image-preview:large","max-video-preview":"max-video-preview:-1"},"canonical":"https:\/\/versapowr.com\/no\/versapowr-innsikt\/","og_locale":"nb_NO","og_type":"article","og_title":"Innsikt - VersaPowr","og_description":"F\u00e5 ekspertinnsikt og bransjeledende perspektiver med dyptg\u00e5ende analyser, trender og innovasjoner. Hold deg i forkant med verdifull kunnskap fra erfarne fagfolk og tankeledere p\u00e5 omr\u00e5det.","og_url":"https:\/\/versapowr.com\/no\/versapowr-innsikt\/","og_site_name":"VersaPowr","article_modified_time":"2026-05-12T09:24:56+00:00","twitter_card":"summary_large_image","schema":{"@context":"https:\/\/schema.org","@graph":[{"@type":"WebPage","@id":"https:\/\/versapowr.com\/no\/versapowr-innsikt\/","url":"https:\/\/versapowr.com\/no\/versapowr-innsikt\/","name":"Innsikt - VersaPowr","isPartOf":{"@id":"https:\/\/versapowr.com\/no\/#website"},"datePublished":"2024-10-14T03:35:30+00:00","dateModified":"2026-05-12T09:24:56+00:00","description":"F\u00e5 ekspertinnsikt og bransjeledende perspektiver med dyptg\u00e5ende analyser, trender og innovasjoner. Hold deg i forkant med verdifull kunnskap fra erfarne fagfolk og tankeledere p\u00e5 omr\u00e5det.","breadcrumb":{"@id":"https:\/\/versapowr.com\/no\/versapowr-innsikt\/#breadcrumb"},"inLanguage":"nb-NO","potentialAction":[{"@type":"ReadAction","target":["https:\/\/versapowr.com\/no\/versapowr-innsikt\/"]}]},{"@type":"BreadcrumbList","@id":"https:\/\/versapowr.com\/no\/versapowr-innsikt\/#breadcrumb","itemListElement":[{"@type":"ListItem","position":1,"name":"Home","item":"https:\/\/versapowr.com\/no\/"},{"@type":"ListItem","position":2,"name":"Innsikt"}]},{"@type":"WebSite","@id":"https:\/\/versapowr.com\/no\/#website","url":"https:\/\/versapowr.com\/no\/","name":"VersaPowr","description":"Innovative Energy Solutions","publisher":{"@id":"https:\/\/versapowr.com\/no\/#organization"},"potentialAction":[{"@type":"SearchAction","target":{"@type":"EntryPoint","urlTemplate":"https:\/\/versapowr.com\/no\/?s={search_term_string}"},"query-input":{"@type":"PropertyValueSpecification","valueRequired":true,"valueName":"search_term_string"}}],"inLanguage":"nb-NO"},{"@type":"Organization","@id":"https:\/\/versapowr.com\/no\/#organization","name":"VersaPowr","url":"https:\/\/versapowr.com\/no\/","logo":{"@type":"ImageObject","inLanguage":"nb-NO","@id":"https:\/\/versapowr.com\/no\/#\/schema\/logo\/image\/","url":"https:\/\/versapowr.com\/wp-content\/uploads\/2024\/10\/VersaPowr-White-Variant.webp","contentUrl":"https:\/\/versapowr.com\/wp-content\/uploads\/2024\/10\/VersaPowr-White-Variant.webp","width":2000,"height":546,"caption":"VersaPowr"},"image":{"@id":"https:\/\/versapowr.com\/no\/#\/schema\/logo\/image\/"},"sameAs":["https:\/\/www.linkedin.com\/company\/versapowr\/"]}]}},"_links":{"self":[{"href":"https:\/\/versapowr.com\/no\/wp-json\/wp\/v2\/pages\/4995","targetHints":{"allow":["GET"]}}],"collection":[{"href":"https:\/\/versapowr.com\/no\/wp-json\/wp\/v2\/pages"}],"about":[{"href":"https:\/\/versapowr.com\/no\/wp-json\/wp\/v2\/types\/page"}],"author":[{"embeddable":true,"href":"https:\/\/versapowr.com\/no\/wp-json\/wp\/v2\/users\/1"}],"replies":[{"embeddable":true,"href":"https:\/\/versapowr.com\/no\/wp-json\/wp\/v2\/comments?post=4995"}],"version-history":[{"count":11,"href":"https:\/\/versapowr.com\/no\/wp-json\/wp\/v2\/pages\/4995\/revisions"}],"predecessor-version":[{"id":5953,"href":"https:\/\/versapowr.com\/no\/wp-json\/wp\/v2\/pages\/4995\/revisions\/5953"}],"wp:attachment":[{"href":"https:\/\/versapowr.com\/no\/wp-json\/wp\/v2\/media?parent=4995"}],"curies":[{"name":"wp","href":"https:\/\/api.w.org\/{rel}","templated":true}]}}