{"id":5013,"date":"2024-10-18T07:01:20","date_gmt":"2024-10-18T06:01:20","guid":{"rendered":"https:\/\/versapowr.com\/ansvarsfraskrivelse\/"},"modified":"2026-02-24T17:28:18","modified_gmt":"2026-02-24T17:28:18","slug":"ansvarsfraskrivelse","status":"publish","type":"page","link":"https:\/\/versapowr.com\/no\/ansvarsfraskrivelse\/","title":{"rendered":"Ansvarsfraskrivelse"},"content":{"rendered":"\t\t<div data-elementor-type=\"wp-page\" data-elementor-id=\"5013\" class=\"elementor elementor-5013 elementor-782\" data-elementor-settings=\"{&quot;element_pack_global_tooltip_width&quot;:{&quot;unit&quot;:&quot;px&quot;,&quot;size&quot;:&quot;&quot;,&quot;sizes&quot;:[]},&quot;element_pack_global_tooltip_width_tablet&quot;:{&quot;unit&quot;:&quot;px&quot;,&quot;size&quot;:&quot;&quot;,&quot;sizes&quot;:[]},&quot;element_pack_global_tooltip_width_mobile&quot;:{&quot;unit&quot;:&quot;px&quot;,&quot;size&quot;:&quot;&quot;,&quot;sizes&quot;:[]},&quot;element_pack_global_tooltip_padding&quot;:{&quot;unit&quot;:&quot;px&quot;,&quot;top&quot;:&quot;&quot;,&quot;right&quot;:&quot;&quot;,&quot;bottom&quot;:&quot;&quot;,&quot;left&quot;:&quot;&quot;,&quot;isLinked&quot;:true},&quot;element_pack_global_tooltip_padding_tablet&quot;:{&quot;unit&quot;:&quot;px&quot;,&quot;top&quot;:&quot;&quot;,&quot;right&quot;:&quot;&quot;,&quot;bottom&quot;:&quot;&quot;,&quot;left&quot;:&quot;&quot;,&quot;isLinked&quot;:true},&quot;element_pack_global_tooltip_padding_mobile&quot;:{&quot;unit&quot;:&quot;px&quot;,&quot;top&quot;:&quot;&quot;,&quot;right&quot;:&quot;&quot;,&quot;bottom&quot;:&quot;&quot;,&quot;left&quot;:&quot;&quot;,&quot;isLinked&quot;:true},&quot;element_pack_global_tooltip_border_radius&quot;:{&quot;unit&quot;:&quot;px&quot;,&quot;top&quot;:&quot;&quot;,&quot;right&quot;:&quot;&quot;,&quot;bottom&quot;:&quot;&quot;,&quot;left&quot;:&quot;&quot;,&quot;isLinked&quot;:true},&quot;element_pack_global_tooltip_border_radius_tablet&quot;:{&quot;unit&quot;:&quot;px&quot;,&quot;top&quot;:&quot;&quot;,&quot;right&quot;:&quot;&quot;,&quot;bottom&quot;:&quot;&quot;,&quot;left&quot;:&quot;&quot;,&quot;isLinked&quot;:true},&quot;element_pack_global_tooltip_border_radius_mobile&quot;:{&quot;unit&quot;:&quot;px&quot;,&quot;top&quot;:&quot;&quot;,&quot;right&quot;:&quot;&quot;,&quot;bottom&quot;:&quot;&quot;,&quot;left&quot;:&quot;&quot;,&quot;isLinked&quot;:true}}\" data-elementor-post-type=\"page\">\n\t\t\t\t<div class=\"elementor-element elementor-element-759bb2e e-flex e-con-boxed e-con e-parent\" data-id=\"759bb2e\" data-element_type=\"container\" data-e-type=\"container\">\n\t\t\t\t\t<div class=\"e-con-inner\">\n\t\t<div class=\"elementor-element elementor-element-86c9d77 e-con-full e-flex e-con e-child\" data-id=\"86c9d77\" data-element_type=\"container\" data-e-type=\"container\">\n\t\t<div class=\"elementor-element elementor-element-09123bf e-con-full e-flex e-con e-child\" data-id=\"09123bf\" data-element_type=\"container\" data-e-type=\"container\">\n\t\t\t\t<div class=\"elementor-element elementor-element-1ee9d80 elementor-widget elementor-widget-heading\" data-id=\"1ee9d80\" data-element_type=\"widget\" data-e-type=\"widget\" data-widget_type=\"heading.default\">\n\t\t\t\t\t<h1 class=\"elementor-heading-title elementor-size-default\">Ansvarsfraskrivelse<\/h1>\t\t\t\t<\/div>\n\t\t\t\t<\/div>\n\t\t\t\t<\/div>\n\t\t\t\t\t<\/div>\n\t\t\t\t<\/div>\n\t\t<div class=\"elementor-element elementor-element-cb8fb0c e-flex e-con-boxed e-con e-parent\" data-id=\"cb8fb0c\" data-element_type=\"container\" data-e-type=\"container\">\n\t\t\t\t\t<div class=\"e-con-inner\">\n\t\t\t\t<div class=\"elementor-element elementor-element-313db20 elementor-widget elementor-widget-text-editor\" data-id=\"313db20\" data-element_type=\"widget\" data-e-type=\"widget\" data-widget_type=\"text-editor.default\">\n\t\t\t\t\t\t\t\t\t<p data-pm-slice=\"1 1 []\"><b>Generell informasjon<\/b><\/p>\n<p>Informasjonen som <b>VersaPowr <\/b>(&laquo;vi&raquo;, &laquo;oss&raquo; eller &laquo;v\u00e5r&raquo;) gir p\u00e5 nettstedet v\u00e5rt (&laquo;nettstedet&raquo;), er kun ment for generelle informasjonsform\u00e5l. All informasjon p\u00e5 nettstedet er gitt i god tro, men vi gir ingen representasjon eller garanti av noe slag, verken uttrykkelig eller underforst\u00e5tt, med hensyn til n\u00f8yaktigheten, tilstrekkeligheten, gyldigheten, p\u00e5liteligheten, tilgjengeligheten eller fullstendigheten av informasjonen p\u00e5 nettstedet. <\/p>\n<p><b>Produktinformasjon<\/b><\/p>\n<p>Produktbeskrivelsene og -spesifikasjonene p\u00e5 nettstedet er ment \u00e5 v\u00e6re n\u00f8yaktige og oppdaterte. VersaPowr garanterer imidlertid ikke at produktbeskrivelser, spesifikasjoner eller annet innhold p\u00e5 nettstedet er n\u00f8yaktig, fullstendig, p\u00e5litelig, oppdatert eller feilfritt. Vi forbeholder oss retten til \u00e5 korrigere eventuelle feil, un\u00f8yaktigheter eller utelatelser og til \u00e5 endre eller oppdatere informasjon n\u00e5r som helst uten forvarsel.  <\/p>\n<p><b>Profesjonell r\u00e5dgivning<\/b><\/p>\n<p>Nettstedet kan ikke og inneholder ikke profesjonell r\u00e5dgivning. Informasjonen som gis, er kun ment som generell informasjon og oppl\u00e6ring, og er ikke en erstatning for profesjonell r\u00e5dgivning. Vi oppfordrer deg derfor til \u00e5 r\u00e5df\u00f8re deg med relevante fagpersoner f\u00f8r du foretar deg noe som helst basert p\u00e5 slik informasjon. Vi gir ikke noen form for profesjonell r\u00e5dgivning.   <\/p>\n<p><b>Ansvarsfraskrivelse for eksterne lenker<\/b><\/p>\n<p>Nettstedet kan inneholde (eller du kan bli sendt via nettstedet) lenker til andre nettsteder eller innhold som tilh\u00f8rer eller stammer fra tredjeparter, eller lenker til nettsteder og funksjoner i bannere eller annen reklame. Slike eksterne lenker blir ikke unders\u00f8kt, overv\u00e5ket eller kontrollert av oss med hensyn til n\u00f8yaktighet, tilstrekkelighet, gyldighet, p\u00e5litelighet, tilgjengelighet eller fullstendighet. <\/p>\n<p>Vi garanterer ikke, st\u00f8tter, garanterer eller p\u00e5tar oss ansvar for n\u00f8yaktigheten eller p\u00e5liteligheten til informasjon som tilbys av tredjeparts nettsteder som er lenket til via nettstedet, eller noe nettsted eller noen funksjon som er lenket til i et banner eller annen reklame. Vi vil ikke v\u00e6re part i eller p\u00e5 noen m\u00e5te v\u00e6re ansvarlig for \u00e5 overv\u00e5ke noen transaksjon mellom deg og tredjepartsleverand\u00f8rer av produkter eller tjenester. <\/p>\n<p><b>Ansvarsfraskrivelse for feil og utelatelser<\/b><\/p>\n<p>Selv om vi har gjort v\u00e5rt ytterste for \u00e5 sikre at informasjonen p\u00e5 dette nettstedet er innhentet fra p\u00e5litelige kilder, er VersaPowr ikke ansvarlig for eventuelle feil eller utelatelser, eller for resultatene som oppn\u00e5s ved bruk av denne informasjonen. All informasjon p\u00e5 dette nettstedet leveres &laquo;som den er&raquo;, uten noen garanti for fullstendighet, n\u00f8yaktighet, aktualitet eller for resultatene som oppn\u00e5s ved bruk av denne informasjonen, og uten noen form for garanti, verken uttrykkelig eller underforst\u00e5tt, inkludert, men ikke begrenset til, garantier for ytelse, salgbarhet og egnethet for et bestemt form\u00e5l. <\/p>\n<p>VersaPowr, dets tilknyttede partnerskap eller selskaper, eller dets partnere, agenter eller ansatte, kan under ingen omstendigheter holdes ansvarlig overfor deg eller noen andre for beslutninger som er tatt eller handlinger som er utf\u00f8rt i tillit til informasjonen p\u00e5 dette nettstedet, eller for eventuelle f\u00f8lgeskader, spesielle skader eller lignende skader, selv om de er informert om muligheten for slike skader.<\/p>\n<p><b>Uttrykte synspunkter Ansvarsfraskrivelse<\/b><\/p>\n<p>Nettstedet kan inneholde synspunkter og meninger som er forfatternes egne, og som ikke n\u00f8dvendigvis gjenspeiler den offisielle politikken eller holdningen til noen annen forfatter, etat, organisasjon, arbeidsgiver eller selskap, inkludert VersaPowr.<\/p>\n<p><b>Ingen ansvarsfraskrivelse<\/b><\/p>\n<p>Informasjonen p\u00e5 nettstedet er gitt med den forst\u00e5else at VersaPowr ikke er engasjert i \u00e5 gi juridiske, regnskapsmessige, skattemessige eller andre profesjonelle r\u00e5d og tjenester. Den skal derfor ikke brukes som en erstatning for konsultasjon med profesjonelle regnskapsf\u00f8rere, skatter\u00e5dgivere, juridiske r\u00e5dgivere eller andre kompetente r\u00e5dgivere. <\/p>\n<p><b>Ansvarsfraskrivelse &laquo;Bruk p\u00e5 egen risiko&raquo;<\/b><\/p>\n<p>All informasjon p\u00e5 nettstedet leveres &laquo;som den er&raquo;, uten noen garanti for fullstendighet, n\u00f8yaktighet, aktualitet eller resultatene som oppn\u00e5s ved bruk av denne informasjonen, og uten garanti av noe slag, uttrykkelig eller underforst\u00e5tt, inkludert, men ikke begrenset til, garantier for ytelse, salgbarhet og egnethet for et bestemt form\u00e5l. VersaPowr er ikke ansvarlig for avgj\u00f8relser som tas eller handlinger som utf\u00f8res i tillit til informasjonen p\u00e5 nettstedet, og heller ikke for f\u00f8lgeskader, spesielle skader eller lignende skader, selv om VersaPowr er informert om muligheten for slike skader. <\/p>\n<p><b>Kontakt oss<\/b><\/p>\n<p>Hvis du har sp\u00f8rsm\u00e5l om denne ansvarsfraskrivelsen, kan du kontakte oss p\u00e5<\/p>\n<p><b>VersaPowr<\/b><\/p>\n<p>Norway Office<br><span style=\"font-size: inherit; text-align: var(--text-align); color: var(--uicore-typography--p-c,\"#070707\"); font-family: var(--uicore-typography--p-f,\"Inter\"); font-style: var(--uicore-typography--p-st,\"normal\"); font-weight: var(--uicore-typography--p-w,\"600\"); letter-spacing: var(--uicore-typography--p-ls,\"-0.027em\");\">Strandveien 41<br><\/span><span style=\"color: var(--uicore-typography--p-c,'#070707'); font-family: var(--uicore-typography--p-f,'Inter'); font-size: inherit; font-style: var(--uicore-typography--p-st,'normal'); font-weight: var(--uicore-typography--p-w,'600'); letter-spacing: var(--uicore-typography--p-ls,'-0.027em'); text-align: var(--text-align);\">3050 Mj\u00f8ndalen<\/span><span style=\"color: var(--uicore-typography--p-c,'#070707'); font-family: var(--uicore-typography--p-f,'Inter'); font-size: inherit; font-style: var(--uicore-typography--p-st,'normal'); font-weight: var(--uicore-typography--p-w,'600'); letter-spacing: var(--uicore-typography--p-ls,'-0.027em'); text-align: var(--text-align);\">,<br><\/span> Norge<\/p>\n<p>E: info@versapowr.com<\/p>\t\t\t\t\t\t\t\t<\/div>\n\t\t\t\t\t<\/div>\n\t\t\t\t<\/div>\n\t\t\t\t<\/div>\n\t\t","protected":false},"excerpt":{"rendered":"<p>Ansvarsfraskrivelse Generell informasjon Informasjonen som VersaPowr (&laquo;vi&raquo;, &laquo;oss&raquo; eller &laquo;v\u00e5r&raquo;) gir p\u00e5 nettstedet v\u00e5rt (&laquo;nettstedet&raquo;), er kun ment for generelle informasjonsform\u00e5l. All [&hellip;]<\/p>\n","protected":false},"author":1,"featured_media":0,"parent":0,"menu_order":0,"comment_status":"closed","ping_status":"closed","template":"elementor_header_footer","meta":{"footnotes":""},"class_list":["post-5013","page","type-page","status-publish","hentry"],"yoast_head":"<!-- This site is optimized with the Yoast SEO plugin v26.9 - https:\/\/yoast.com\/product\/yoast-seo-wordpress\/ -->\n<title>Ansvarsfraskrivelse - VersaPowr<\/title>\n<meta name=\"description\" content=\"All informasjon p\u00e5 nettstedet er gitt i god tro, men vi garanterer ikke, verken uttrykkelig eller underforst\u00e5tt, n\u00f8yaktigheten, tilstrekkeligheten, gyldigheten, p\u00e5liteligheten, tilgjengeligheten eller fullstendigheten av noe innhold.\" \/>\n<meta name=\"robots\" content=\"index, follow, max-snippet:-1, max-image-preview:large, max-video-preview:-1\" \/>\n<link rel=\"canonical\" href=\"https:\/\/versapowr.com\/no\/ansvarsfraskrivelse\/\" \/>\n<meta property=\"og:locale\" content=\"nb_NO\" \/>\n<meta property=\"og:type\" content=\"article\" \/>\n<meta property=\"og:title\" content=\"Ansvarsfraskrivelse - VersaPowr\" \/>\n<meta property=\"og:description\" content=\"All informasjon p\u00e5 nettstedet er gitt i god tro, men vi garanterer ikke, verken uttrykkelig eller underforst\u00e5tt, n\u00f8yaktigheten, tilstrekkeligheten, gyldigheten, p\u00e5liteligheten, tilgjengeligheten eller fullstendigheten av noe innhold.\" \/>\n<meta property=\"og:url\" content=\"https:\/\/versapowr.com\/no\/ansvarsfraskrivelse\/\" \/>\n<meta property=\"og:site_name\" content=\"VersaPowr\" \/>\n<meta property=\"article:modified_time\" content=\"2026-02-24T17:28:18+00:00\" \/>\n<meta name=\"twitter:card\" content=\"summary_large_image\" \/>\n<meta name=\"twitter:label1\" content=\"Ansl. lesetid\" \/>\n\t<meta name=\"twitter:data1\" content=\"4 minutter\" \/>\n<script type=\"application\/ld+json\" class=\"yoast-schema-graph\">{\"@context\":\"https:\/\/schema.org\",\"@graph\":[{\"@type\":\"WebPage\",\"@id\":\"https:\/\/versapowr.com\/no\/ansvarsfraskrivelse\/\",\"url\":\"https:\/\/versapowr.com\/no\/ansvarsfraskrivelse\/\",\"name\":\"Ansvarsfraskrivelse - VersaPowr\",\"isPartOf\":{\"@id\":\"https:\/\/versapowr.com\/no\/#website\"},\"datePublished\":\"2024-10-18T06:01:20+00:00\",\"dateModified\":\"2026-02-24T17:28:18+00:00\",\"description\":\"All informasjon p\u00e5 nettstedet er gitt i god tro, men vi garanterer ikke, verken uttrykkelig eller underforst\u00e5tt, n\u00f8yaktigheten, tilstrekkeligheten, gyldigheten, p\u00e5liteligheten, tilgjengeligheten eller fullstendigheten av noe innhold.\",\"breadcrumb\":{\"@id\":\"https:\/\/versapowr.com\/no\/ansvarsfraskrivelse\/#breadcrumb\"},\"inLanguage\":\"nb-NO\",\"potentialAction\":[{\"@type\":\"ReadAction\",\"target\":[\"https:\/\/versapowr.com\/no\/ansvarsfraskrivelse\/\"]}]},{\"@type\":\"BreadcrumbList\",\"@id\":\"https:\/\/versapowr.com\/no\/ansvarsfraskrivelse\/#breadcrumb\",\"itemListElement\":[{\"@type\":\"ListItem\",\"position\":1,\"name\":\"Home\",\"item\":\"https:\/\/versapowr.com\/no\/\"},{\"@type\":\"ListItem\",\"position\":2,\"name\":\"Ansvarsfraskrivelse\"}]},{\"@type\":\"WebSite\",\"@id\":\"https:\/\/versapowr.com\/no\/#website\",\"url\":\"https:\/\/versapowr.com\/no\/\",\"name\":\"VersaPowr\",\"description\":\"Innovative Energy Solutions\",\"publisher\":{\"@id\":\"https:\/\/versapowr.com\/no\/#organization\"},\"potentialAction\":[{\"@type\":\"SearchAction\",\"target\":{\"@type\":\"EntryPoint\",\"urlTemplate\":\"https:\/\/versapowr.com\/no\/?s={search_term_string}\"},\"query-input\":{\"@type\":\"PropertyValueSpecification\",\"valueRequired\":true,\"valueName\":\"search_term_string\"}}],\"inLanguage\":\"nb-NO\"},{\"@type\":\"Organization\",\"@id\":\"https:\/\/versapowr.com\/no\/#organization\",\"name\":\"VersaPowr\",\"url\":\"https:\/\/versapowr.com\/no\/\",\"logo\":{\"@type\":\"ImageObject\",\"inLanguage\":\"nb-NO\",\"@id\":\"https:\/\/versapowr.com\/no\/#\/schema\/logo\/image\/\",\"url\":\"https:\/\/versapowr.com\/wp-content\/uploads\/2024\/10\/VersaPowr-White-Variant.webp\",\"contentUrl\":\"https:\/\/versapowr.com\/wp-content\/uploads\/2024\/10\/VersaPowr-White-Variant.webp\",\"width\":2000,\"height\":546,\"caption\":\"VersaPowr\"},\"image\":{\"@id\":\"https:\/\/versapowr.com\/no\/#\/schema\/logo\/image\/\"},\"sameAs\":[\"https:\/\/www.linkedin.com\/company\/versapowr\/\"]}]}<\/script>\n<!-- \/ Yoast SEO plugin. -->","yoast_head_json":{"title":"Ansvarsfraskrivelse - VersaPowr","description":"All informasjon p\u00e5 nettstedet er gitt i god tro, men vi garanterer ikke, verken uttrykkelig eller underforst\u00e5tt, n\u00f8yaktigheten, tilstrekkeligheten, gyldigheten, p\u00e5liteligheten, tilgjengeligheten eller fullstendigheten av noe innhold.","robots":{"index":"index","follow":"follow","max-snippet":"max-snippet:-1","max-image-preview":"max-image-preview:large","max-video-preview":"max-video-preview:-1"},"canonical":"https:\/\/versapowr.com\/no\/ansvarsfraskrivelse\/","og_locale":"nb_NO","og_type":"article","og_title":"Ansvarsfraskrivelse - VersaPowr","og_description":"All informasjon p\u00e5 nettstedet er gitt i god tro, men vi garanterer ikke, verken uttrykkelig eller underforst\u00e5tt, n\u00f8yaktigheten, tilstrekkeligheten, gyldigheten, p\u00e5liteligheten, tilgjengeligheten eller fullstendigheten av noe innhold.","og_url":"https:\/\/versapowr.com\/no\/ansvarsfraskrivelse\/","og_site_name":"VersaPowr","article_modified_time":"2026-02-24T17:28:18+00:00","twitter_card":"summary_large_image","twitter_misc":{"Ansl. lesetid":"4 minutter"},"schema":{"@context":"https:\/\/schema.org","@graph":[{"@type":"WebPage","@id":"https:\/\/versapowr.com\/no\/ansvarsfraskrivelse\/","url":"https:\/\/versapowr.com\/no\/ansvarsfraskrivelse\/","name":"Ansvarsfraskrivelse - VersaPowr","isPartOf":{"@id":"https:\/\/versapowr.com\/no\/#website"},"datePublished":"2024-10-18T06:01:20+00:00","dateModified":"2026-02-24T17:28:18+00:00","description":"All informasjon p\u00e5 nettstedet er gitt i god tro, men vi garanterer ikke, verken uttrykkelig eller underforst\u00e5tt, n\u00f8yaktigheten, tilstrekkeligheten, gyldigheten, p\u00e5liteligheten, tilgjengeligheten eller fullstendigheten av noe innhold.","breadcrumb":{"@id":"https:\/\/versapowr.com\/no\/ansvarsfraskrivelse\/#breadcrumb"},"inLanguage":"nb-NO","potentialAction":[{"@type":"ReadAction","target":["https:\/\/versapowr.com\/no\/ansvarsfraskrivelse\/"]}]},{"@type":"BreadcrumbList","@id":"https:\/\/versapowr.com\/no\/ansvarsfraskrivelse\/#breadcrumb","itemListElement":[{"@type":"ListItem","position":1,"name":"Home","item":"https:\/\/versapowr.com\/no\/"},{"@type":"ListItem","position":2,"name":"Ansvarsfraskrivelse"}]},{"@type":"WebSite","@id":"https:\/\/versapowr.com\/no\/#website","url":"https:\/\/versapowr.com\/no\/","name":"VersaPowr","description":"Innovative Energy Solutions","publisher":{"@id":"https:\/\/versapowr.com\/no\/#organization"},"potentialAction":[{"@type":"SearchAction","target":{"@type":"EntryPoint","urlTemplate":"https:\/\/versapowr.com\/no\/?s={search_term_string}"},"query-input":{"@type":"PropertyValueSpecification","valueRequired":true,"valueName":"search_term_string"}}],"inLanguage":"nb-NO"},{"@type":"Organization","@id":"https:\/\/versapowr.com\/no\/#organization","name":"VersaPowr","url":"https:\/\/versapowr.com\/no\/","logo":{"@type":"ImageObject","inLanguage":"nb-NO","@id":"https:\/\/versapowr.com\/no\/#\/schema\/logo\/image\/","url":"https:\/\/versapowr.com\/wp-content\/uploads\/2024\/10\/VersaPowr-White-Variant.webp","contentUrl":"https:\/\/versapowr.com\/wp-content\/uploads\/2024\/10\/VersaPowr-White-Variant.webp","width":2000,"height":546,"caption":"VersaPowr"},"image":{"@id":"https:\/\/versapowr.com\/no\/#\/schema\/logo\/image\/"},"sameAs":["https:\/\/www.linkedin.com\/company\/versapowr\/"]}]}},"_links":{"self":[{"href":"https:\/\/versapowr.com\/no\/wp-json\/wp\/v2\/pages\/5013","targetHints":{"allow":["GET"]}}],"collection":[{"href":"https:\/\/versapowr.com\/no\/wp-json\/wp\/v2\/pages"}],"about":[{"href":"https:\/\/versapowr.com\/no\/wp-json\/wp\/v2\/types\/page"}],"author":[{"embeddable":true,"href":"https:\/\/versapowr.com\/no\/wp-json\/wp\/v2\/users\/1"}],"replies":[{"embeddable":true,"href":"https:\/\/versapowr.com\/no\/wp-json\/wp\/v2\/comments?post=5013"}],"version-history":[{"count":1,"href":"https:\/\/versapowr.com\/no\/wp-json\/wp\/v2\/pages\/5013\/revisions"}],"predecessor-version":[{"id":5014,"href":"https:\/\/versapowr.com\/no\/wp-json\/wp\/v2\/pages\/5013\/revisions\/5014"}],"wp:attachment":[{"href":"https:\/\/versapowr.com\/no\/wp-json\/wp\/v2\/media?parent=5013"}],"curies":[{"name":"wp","href":"https:\/\/api.w.org\/{rel}","templated":true}]}}