{"id":5015,"date":"2024-10-18T07:00:53","date_gmt":"2024-10-18T06:00:53","guid":{"rendered":"https:\/\/versapowr.com\/retningslinjer-for-informasjonskapsler\/"},"modified":"2026-03-24T16:14:05","modified_gmt":"2026-03-24T16:14:05","slug":"retningslinjer-for-informasjonskapsler","status":"publish","type":"page","link":"https:\/\/versapowr.com\/no\/retningslinjer-for-informasjonskapsler\/","title":{"rendered":"Informasjonskapsler"},"content":{"rendered":"\t\t<div data-elementor-type=\"wp-page\" data-elementor-id=\"5015\" class=\"elementor elementor-5015 elementor-780\" data-elementor-settings=\"{&quot;element_pack_global_tooltip_width&quot;:{&quot;unit&quot;:&quot;px&quot;,&quot;size&quot;:&quot;&quot;,&quot;sizes&quot;:[]},&quot;element_pack_global_tooltip_width_tablet&quot;:{&quot;unit&quot;:&quot;px&quot;,&quot;size&quot;:&quot;&quot;,&quot;sizes&quot;:[]},&quot;element_pack_global_tooltip_width_mobile&quot;:{&quot;unit&quot;:&quot;px&quot;,&quot;size&quot;:&quot;&quot;,&quot;sizes&quot;:[]},&quot;element_pack_global_tooltip_padding&quot;:{&quot;unit&quot;:&quot;px&quot;,&quot;top&quot;:&quot;&quot;,&quot;right&quot;:&quot;&quot;,&quot;bottom&quot;:&quot;&quot;,&quot;left&quot;:&quot;&quot;,&quot;isLinked&quot;:true},&quot;element_pack_global_tooltip_padding_tablet&quot;:{&quot;unit&quot;:&quot;px&quot;,&quot;top&quot;:&quot;&quot;,&quot;right&quot;:&quot;&quot;,&quot;bottom&quot;:&quot;&quot;,&quot;left&quot;:&quot;&quot;,&quot;isLinked&quot;:true},&quot;element_pack_global_tooltip_padding_mobile&quot;:{&quot;unit&quot;:&quot;px&quot;,&quot;top&quot;:&quot;&quot;,&quot;right&quot;:&quot;&quot;,&quot;bottom&quot;:&quot;&quot;,&quot;left&quot;:&quot;&quot;,&quot;isLinked&quot;:true},&quot;element_pack_global_tooltip_border_radius&quot;:{&quot;unit&quot;:&quot;px&quot;,&quot;top&quot;:&quot;&quot;,&quot;right&quot;:&quot;&quot;,&quot;bottom&quot;:&quot;&quot;,&quot;left&quot;:&quot;&quot;,&quot;isLinked&quot;:true},&quot;element_pack_global_tooltip_border_radius_tablet&quot;:{&quot;unit&quot;:&quot;px&quot;,&quot;top&quot;:&quot;&quot;,&quot;right&quot;:&quot;&quot;,&quot;bottom&quot;:&quot;&quot;,&quot;left&quot;:&quot;&quot;,&quot;isLinked&quot;:true},&quot;element_pack_global_tooltip_border_radius_mobile&quot;:{&quot;unit&quot;:&quot;px&quot;,&quot;top&quot;:&quot;&quot;,&quot;right&quot;:&quot;&quot;,&quot;bottom&quot;:&quot;&quot;,&quot;left&quot;:&quot;&quot;,&quot;isLinked&quot;:true}}\" data-elementor-post-type=\"page\">\n\t\t\t\t<div class=\"elementor-element elementor-element-a8d09db e-flex e-con-boxed e-con e-parent\" data-id=\"a8d09db\" data-element_type=\"container\" data-e-type=\"container\">\n\t\t\t\t\t<div class=\"e-con-inner\">\n\t\t<div class=\"elementor-element elementor-element-59a02e6 e-con-full e-flex e-con e-child\" data-id=\"59a02e6\" data-element_type=\"container\" data-e-type=\"container\">\n\t\t<div class=\"elementor-element elementor-element-917c28c e-con-full e-flex e-con e-child\" data-id=\"917c28c\" data-element_type=\"container\" data-e-type=\"container\">\n\t\t\t\t<div class=\"elementor-element elementor-element-7558b5f elementor-widget elementor-widget-heading\" data-id=\"7558b5f\" data-element_type=\"widget\" data-e-type=\"widget\" data-widget_type=\"heading.default\">\n\t\t\t\t\t<h1 class=\"elementor-heading-title elementor-size-default\">Informasjonskapsler<\/h1>\t\t\t\t<\/div>\n\t\t\t\t<\/div>\n\t\t\t\t<\/div>\n\t\t\t\t\t<\/div>\n\t\t\t\t<\/div>\n\t\t<div class=\"elementor-element elementor-element-11fe651 e-flex e-con-boxed e-con e-parent\" data-id=\"11fe651\" data-element_type=\"container\" data-e-type=\"container\">\n\t\t\t\t\t<div class=\"e-con-inner\">\n\t\t\t\t<div class=\"elementor-element elementor-element-b9e58e7 elementor-widget elementor-widget-text-editor\" data-id=\"b9e58e7\" data-element_type=\"widget\" data-e-type=\"widget\" data-widget_type=\"text-editor.default\">\n\t\t\t\t\t\t\t\t\t<p>Hos VersaPowr \u00f8nsker vi \u00e5 sikre \u00e5penhet og gi deg tydelig informasjon om hvordan vi bruker informasjonskapsler p\u00e5 nettstedet v\u00e5rt. Disse retningslinjene for informasjonskapsler forklarer hva informasjonskapsler er, hvordan vi bruker dem og hvilke valg du har n\u00e5r det gjelder bruken av dem. <\/p><p><strong>Hva er informasjonskapsler?<\/strong><\/p><p>Informasjonskapsler er sm\u00e5 tekstfiler som plasseres p\u00e5 datamaskinen eller mobilenheten din n\u00e5r du bes\u00f8ker et nettsted. De brukes i stor utstrekning for \u00e5 f\u00e5 nettsteder til \u00e5 fungere mer effektivt, forbedre brukeropplevelsen og gi informasjon til nettstedseiere. <\/p><p><strong>Slik bruker vi informasjonskapsler<\/strong><\/p><p>Vi bruker informasjonskapsler for \u00e5:<\/p><ol><li><p>Sikre at nettstedet v\u00e5rt fungerer som det skal: Noen informasjonskapsler er avgj\u00f8rende for driften av nettstedet v\u00e5rt. De gj\u00f8r det mulig for deg \u00e5 navigere p\u00e5 nettstedet v\u00e5rt, bruke funksjonene og f\u00e5 tilgang til sikre omr\u00e5der. <\/p><\/li><li><p>Forbedre nettstedets ytelse: Vi kan bruke informasjonskapsler for \u00e5 samle inn informasjon om hvordan bes\u00f8kende bruker nettstedet v\u00e5rt, for eksempel hvilke sider som ofte bes\u00f8kes eller eventuelle feilmeldinger. Disse informasjonskapslene hjelper oss med \u00e5 analysere og optimalisere nettstedets ytelse. <\/p><\/li><li><p>Tilpass opplevelsen din: Informasjonskapsler gj\u00f8r det mulig for oss \u00e5 huske preferansene dine og skreddersy innholdet p\u00e5 nettstedet etter dine interesser. Dette inkluderer \u00e5 huske spr\u00e5kpreferanser, skriftst\u00f8rrelse og andre tilpasningsalternativer. <\/p><\/li><li><p>Tilby relevante annonser: Vi kan bruke informasjonskapsler til \u00e5 levere m\u00e5lrettede annonser basert p\u00e5 nettleserhistorikken og interessene dine. Disse informasjonskapslene hjelper oss med \u00e5 vise deg annonser som med st\u00f8rre sannsynlighet er av interesse for deg. <\/p><\/li><\/ol><p><strong>Dine valg av informasjonskapsler<\/strong><\/p><p>Du har muligheten til \u00e5 godta eller avvise informasjonskapsler n\u00e5r du bes\u00f8ker nettstedet v\u00e5rt. De fleste nettlesere godtar automatisk informasjonskapsler, men du kan vanligvis endre innstillingene i nettleseren din slik at du kan avvise informasjonskapsler hvis du foretrekker det. V\u00e6r imidlertid oppmerksom p\u00e5 at deaktivering av informasjonskapsler kan p\u00e5virke funksjonaliteten til nettstedet v\u00e5rt og begrense visse funksjoner.  <\/p><p>Du kan ogs\u00e5 n\u00e5r som helst slette informasjonskapsler som er lagret p\u00e5 datamaskinen eller enheten din. Metoden for \u00e5 gj\u00f8re dette avhenger av nettleseren din, s\u00e5 vi anbefaler at du ser i nettleserens hjelpedokumentasjon eller innstillinger for instruksjoner om hvordan du administrerer og sletter informasjonskapsler. <\/p><p><strong>Tredjeparts informasjonskapsler<\/strong><\/p><p>Vi kan tillate tredjeparts tjenesteleverand\u00f8rer, for eksempel analyse- eller annonseringsselskaper, \u00e5 plassere informasjonskapsler p\u00e5 nettstedet v\u00e5rt. Disse informasjonskapslene er underlagt de respektive tredjepartenes personvernerkl\u00e6ringer, og vi har ingen kontroll over disse informasjonskapslene. Vi anbefaler at du leser personvernerkl\u00e6ringene til disse tredjepartene for mer informasjon om deres praksis for informasjonskapsler.  <\/p><p><strong>Endringer i retningslinjene for informasjonskapsler<\/strong><\/p><p>Vi kan oppdatere disse retningslinjene for informasjonskapsler fra tid til annen for \u00e5 gjenspeile eventuelle endringer i v\u00e5r praksis for informasjonskapsler. Vi oppfordrer deg til \u00e5 lese gjennom disse retningslinjene med jevne mellomrom for \u00e5 holde deg informert om hvordan vi bruker informasjonskapsler. <\/p><p><strong>Kontakt oss<\/strong><\/p><p>Hvis du har sp\u00f8rsm\u00e5l eller bekymringer om v\u00e5re retningslinjer for informasjonskapsler, kan du kontakte oss p\u00e5 <a href=\"mailto:info@cosnewenergy.com\" target=\"_new\">info@versapwr.com.<\/a><\/p><p>V\u00e6r oppmerksom p\u00e5 at disse retningslinjene for informasjonskapsler b\u00f8r leses sammen med v\u00e5re retningslinjer for personvern og tjenestevilk\u00e5r.<\/p>\t\t\t\t\t\t\t\t<\/div>\n\t\t\t\t\t<\/div>\n\t\t\t\t<\/div>\n\t\t\t\t<\/div>\n\t\t","protected":false},"excerpt":{"rendered":"<p>Informasjonskapsler Hos VersaPowr \u00f8nsker vi \u00e5 sikre \u00e5penhet og gi deg tydelig informasjon om hvordan vi bruker informasjonskapsler p\u00e5 nettstedet v\u00e5rt. Disse [&hellip;]<\/p>\n","protected":false},"author":1,"featured_media":0,"parent":0,"menu_order":0,"comment_status":"closed","ping_status":"closed","template":"elementor_header_footer","meta":{"footnotes":""},"class_list":["post-5015","page","type-page","status-publish","hentry"],"yoast_head":"<!-- This site is optimized with the Yoast SEO plugin v26.9 - https:\/\/yoast.com\/product\/yoast-seo-wordpress\/ -->\n<title>Informasjonskapsler - VersaPowr<\/title>\n<meta name=\"description\" content=\"Vi prioriterer \u00e5penhet og \u00f8nsker \u00e5 holde deg informert om hvordan vi bruker informasjonskapsler p\u00e5 nettstedet v\u00e5rt.\" \/>\n<meta name=\"robots\" content=\"index, follow, max-snippet:-1, max-image-preview:large, max-video-preview:-1\" \/>\n<link rel=\"canonical\" href=\"https:\/\/versapowr.com\/no\/retningslinjer-for-informasjonskapsler\/\" \/>\n<meta property=\"og:locale\" content=\"nb_NO\" \/>\n<meta property=\"og:type\" content=\"article\" \/>\n<meta property=\"og:title\" content=\"Informasjonskapsler - VersaPowr\" \/>\n<meta property=\"og:description\" content=\"Vi prioriterer \u00e5penhet og \u00f8nsker \u00e5 holde deg informert om hvordan vi bruker informasjonskapsler p\u00e5 nettstedet v\u00e5rt.\" \/>\n<meta property=\"og:url\" content=\"https:\/\/versapowr.com\/no\/retningslinjer-for-informasjonskapsler\/\" \/>\n<meta property=\"og:site_name\" content=\"VersaPowr\" \/>\n<meta property=\"article:modified_time\" content=\"2026-03-24T16:14:05+00:00\" \/>\n<meta name=\"twitter:card\" content=\"summary_large_image\" \/>\n<meta name=\"twitter:label1\" content=\"Ansl. lesetid\" \/>\n\t<meta name=\"twitter:data1\" content=\"2 minutter\" \/>\n<script type=\"application\/ld+json\" class=\"yoast-schema-graph\">{\"@context\":\"https:\/\/schema.org\",\"@graph\":[{\"@type\":\"WebPage\",\"@id\":\"https:\/\/versapowr.com\/no\/retningslinjer-for-informasjonskapsler\/\",\"url\":\"https:\/\/versapowr.com\/no\/retningslinjer-for-informasjonskapsler\/\",\"name\":\"Informasjonskapsler - VersaPowr\",\"isPartOf\":{\"@id\":\"https:\/\/versapowr.com\/no\/#website\"},\"datePublished\":\"2024-10-18T06:00:53+00:00\",\"dateModified\":\"2026-03-24T16:14:05+00:00\",\"description\":\"Vi prioriterer \u00e5penhet og \u00f8nsker \u00e5 holde deg informert om hvordan vi bruker informasjonskapsler p\u00e5 nettstedet v\u00e5rt.\",\"breadcrumb\":{\"@id\":\"https:\/\/versapowr.com\/no\/retningslinjer-for-informasjonskapsler\/#breadcrumb\"},\"inLanguage\":\"nb-NO\",\"potentialAction\":[{\"@type\":\"ReadAction\",\"target\":[\"https:\/\/versapowr.com\/no\/retningslinjer-for-informasjonskapsler\/\"]}]},{\"@type\":\"BreadcrumbList\",\"@id\":\"https:\/\/versapowr.com\/no\/retningslinjer-for-informasjonskapsler\/#breadcrumb\",\"itemListElement\":[{\"@type\":\"ListItem\",\"position\":1,\"name\":\"Home\",\"item\":\"https:\/\/versapowr.com\/no\/\"},{\"@type\":\"ListItem\",\"position\":2,\"name\":\"Informasjonskapsler\"}]},{\"@type\":\"WebSite\",\"@id\":\"https:\/\/versapowr.com\/no\/#website\",\"url\":\"https:\/\/versapowr.com\/no\/\",\"name\":\"VersaPowr\",\"description\":\"Innovative Energy Solutions\",\"publisher\":{\"@id\":\"https:\/\/versapowr.com\/no\/#organization\"},\"potentialAction\":[{\"@type\":\"SearchAction\",\"target\":{\"@type\":\"EntryPoint\",\"urlTemplate\":\"https:\/\/versapowr.com\/no\/?s={search_term_string}\"},\"query-input\":{\"@type\":\"PropertyValueSpecification\",\"valueRequired\":true,\"valueName\":\"search_term_string\"}}],\"inLanguage\":\"nb-NO\"},{\"@type\":\"Organization\",\"@id\":\"https:\/\/versapowr.com\/no\/#organization\",\"name\":\"VersaPowr\",\"url\":\"https:\/\/versapowr.com\/no\/\",\"logo\":{\"@type\":\"ImageObject\",\"inLanguage\":\"nb-NO\",\"@id\":\"https:\/\/versapowr.com\/no\/#\/schema\/logo\/image\/\",\"url\":\"https:\/\/versapowr.com\/wp-content\/uploads\/2024\/10\/VersaPowr-White-Variant.webp\",\"contentUrl\":\"https:\/\/versapowr.com\/wp-content\/uploads\/2024\/10\/VersaPowr-White-Variant.webp\",\"width\":2000,\"height\":546,\"caption\":\"VersaPowr\"},\"image\":{\"@id\":\"https:\/\/versapowr.com\/no\/#\/schema\/logo\/image\/\"},\"sameAs\":[\"https:\/\/www.linkedin.com\/company\/versapowr\/\"]}]}<\/script>\n<!-- \/ Yoast SEO plugin. -->","yoast_head_json":{"title":"Informasjonskapsler - VersaPowr","description":"Vi prioriterer \u00e5penhet og \u00f8nsker \u00e5 holde deg informert om hvordan vi bruker informasjonskapsler p\u00e5 nettstedet v\u00e5rt.","robots":{"index":"index","follow":"follow","max-snippet":"max-snippet:-1","max-image-preview":"max-image-preview:large","max-video-preview":"max-video-preview:-1"},"canonical":"https:\/\/versapowr.com\/no\/retningslinjer-for-informasjonskapsler\/","og_locale":"nb_NO","og_type":"article","og_title":"Informasjonskapsler - VersaPowr","og_description":"Vi prioriterer \u00e5penhet og \u00f8nsker \u00e5 holde deg informert om hvordan vi bruker informasjonskapsler p\u00e5 nettstedet v\u00e5rt.","og_url":"https:\/\/versapowr.com\/no\/retningslinjer-for-informasjonskapsler\/","og_site_name":"VersaPowr","article_modified_time":"2026-03-24T16:14:05+00:00","twitter_card":"summary_large_image","twitter_misc":{"Ansl. lesetid":"2 minutter"},"schema":{"@context":"https:\/\/schema.org","@graph":[{"@type":"WebPage","@id":"https:\/\/versapowr.com\/no\/retningslinjer-for-informasjonskapsler\/","url":"https:\/\/versapowr.com\/no\/retningslinjer-for-informasjonskapsler\/","name":"Informasjonskapsler - VersaPowr","isPartOf":{"@id":"https:\/\/versapowr.com\/no\/#website"},"datePublished":"2024-10-18T06:00:53+00:00","dateModified":"2026-03-24T16:14:05+00:00","description":"Vi prioriterer \u00e5penhet og \u00f8nsker \u00e5 holde deg informert om hvordan vi bruker informasjonskapsler p\u00e5 nettstedet v\u00e5rt.","breadcrumb":{"@id":"https:\/\/versapowr.com\/no\/retningslinjer-for-informasjonskapsler\/#breadcrumb"},"inLanguage":"nb-NO","potentialAction":[{"@type":"ReadAction","target":["https:\/\/versapowr.com\/no\/retningslinjer-for-informasjonskapsler\/"]}]},{"@type":"BreadcrumbList","@id":"https:\/\/versapowr.com\/no\/retningslinjer-for-informasjonskapsler\/#breadcrumb","itemListElement":[{"@type":"ListItem","position":1,"name":"Home","item":"https:\/\/versapowr.com\/no\/"},{"@type":"ListItem","position":2,"name":"Informasjonskapsler"}]},{"@type":"WebSite","@id":"https:\/\/versapowr.com\/no\/#website","url":"https:\/\/versapowr.com\/no\/","name":"VersaPowr","description":"Innovative Energy Solutions","publisher":{"@id":"https:\/\/versapowr.com\/no\/#organization"},"potentialAction":[{"@type":"SearchAction","target":{"@type":"EntryPoint","urlTemplate":"https:\/\/versapowr.com\/no\/?s={search_term_string}"},"query-input":{"@type":"PropertyValueSpecification","valueRequired":true,"valueName":"search_term_string"}}],"inLanguage":"nb-NO"},{"@type":"Organization","@id":"https:\/\/versapowr.com\/no\/#organization","name":"VersaPowr","url":"https:\/\/versapowr.com\/no\/","logo":{"@type":"ImageObject","inLanguage":"nb-NO","@id":"https:\/\/versapowr.com\/no\/#\/schema\/logo\/image\/","url":"https:\/\/versapowr.com\/wp-content\/uploads\/2024\/10\/VersaPowr-White-Variant.webp","contentUrl":"https:\/\/versapowr.com\/wp-content\/uploads\/2024\/10\/VersaPowr-White-Variant.webp","width":2000,"height":546,"caption":"VersaPowr"},"image":{"@id":"https:\/\/versapowr.com\/no\/#\/schema\/logo\/image\/"},"sameAs":["https:\/\/www.linkedin.com\/company\/versapowr\/"]}]}},"_links":{"self":[{"href":"https:\/\/versapowr.com\/no\/wp-json\/wp\/v2\/pages\/5015","targetHints":{"allow":["GET"]}}],"collection":[{"href":"https:\/\/versapowr.com\/no\/wp-json\/wp\/v2\/pages"}],"about":[{"href":"https:\/\/versapowr.com\/no\/wp-json\/wp\/v2\/types\/page"}],"author":[{"embeddable":true,"href":"https:\/\/versapowr.com\/no\/wp-json\/wp\/v2\/users\/1"}],"replies":[{"embeddable":true,"href":"https:\/\/versapowr.com\/no\/wp-json\/wp\/v2\/comments?post=5015"}],"version-history":[{"count":3,"href":"https:\/\/versapowr.com\/no\/wp-json\/wp\/v2\/pages\/5015\/revisions"}],"predecessor-version":[{"id":5186,"href":"https:\/\/versapowr.com\/no\/wp-json\/wp\/v2\/pages\/5015\/revisions\/5186"}],"wp:attachment":[{"href":"https:\/\/versapowr.com\/no\/wp-json\/wp\/v2\/media?parent=5015"}],"curies":[{"name":"wp","href":"https:\/\/api.w.org\/{rel}","templated":true}]}}